{"id":651,"date":"2026-01-12T22:08:03","date_gmt":"2026-01-12T22:08:03","guid":{"rendered":"https:\/\/mulligansgolfexperience.ca\/?page_id=651"},"modified":"2026-01-19T19:52:25","modified_gmt":"2026-01-19T19:52:25","slug":"contactez-nous-2","status":"publish","type":"page","link":"https:\/\/mulligansgolfexperience.ca\/fr\/contactez-nous-2\/","title":{"rendered":"FAQ"},"content":{"rendered":"<p>[et_pb_section fb_built=\u00a0\u00bb1&Prime; _builder_version=\u00a0\u00bb4.27.4&Prime; _module_preset=\u00a0\u00bbdefault\u00a0\u00bb background_color=\u00a0\u00bbrgba(30,29,34,0.2)\u00a0\u00bb background_image=\u00a0\u00bbhttps:\/\/mulligansgolfexperience.ca\/wp-content\/uploads\/2025\/10\/mulligans-golf-01.jpg\u00a0\u00bb background_blend=\u00a0\u00bboverlay\u00a0\u00bb z_index=\u00a0\u00bb0&Prime; position_origin_a_tablet=\u00a0\u00bb\u00a0\u00bb position_origin_a_phone=\u00a0\u00bb\u00a0\u00bb position_origin_a_last_edited=\u00a0\u00bbon|tablet\u00a0\u00bb position_origin_f_tablet=\u00a0\u00bb\u00a0\u00bb position_origin_f_phone=\u00a0\u00bb\u00a0\u00bb position_origin_f_last_edited=\u00a0\u00bbon|tablet\u00a0\u00bb position_origin_r_tablet=\u00a0\u00bb\u00a0\u00bb position_origin_r_phone=\u00a0\u00bb\u00a0\u00bb position_origin_r_last_edited=\u00a0\u00bbon|phone\u00a0\u00bb custom_margin=\u00a0\u00bb0px|0px||0px|false|true\u00a0\u00bb custom_margin_tablet=\u00a0\u00bb||0px||false|true\u00a0\u00bb custom_margin_phone=\u00a0\u00bb||0px||false|true\u00a0\u00bb custom_margin_last_edited=\u00a0\u00bbon|phone\u00a0\u00bb custom_padding=\u00a0\u00bb0px||0px|0px|false|false\u00a0\u00bb background_last_edited=\u00a0\u00bboff|desktop\u00a0\u00bb background_image_tablet=\u00a0\u00bbhttps:\/\/mulligansgolfexperience.ca\/wp-content\/uploads\/2024\/10\/cultus-lake-golf-club-jpg.webp\u00a0\u00bb background_enable_image_tablet=\u00a0\u00bbon\u00a0\u00bb parallax_tablet=\u00a0\u00bboff\u00a0\u00bb parallax_phone=\u00a0\u00bboff\u00a0\u00bb positioning_tablet=\u00a0\u00bb\u00a0\u00bb positioning_phone=\u00a0\u00bb\u00a0\u00bb positioning_last_edited=\u00a0\u00bbon|tablet\u00a0\u00bb locked=\u00a0\u00bboff\u00a0\u00bb global_colors_info=\u00a0\u00bb{}\u00a0\u00bb][et_pb_row custom_padding_last_edited=\u00a0\u00bbon|phone\u00a0\u00bb _builder_version=\u00a0\u00bb4.27.4&Prime; _module_preset=\u00a0\u00bbdefault\u00a0\u00bb width=\u00a0\u00bb95%\u00a0\u00bb max_width=\u00a0\u00bb1920px\u00a0\u00bb module_alignment=\u00a0\u00bbcenter\u00a0\u00bb custom_margin=\u00a0\u00bb0px||0px||false|false\u00a0\u00bb custom_padding=\u00a0\u00bb14%||14%||true|false\u00a0\u00bb custom_padding_tablet=\u00a0\u00bb28%||28%||true|false\u00a0\u00bb custom_padding_phone=\u00a0\u00bb35%||35%||true|false\u00a0\u00bb global_colors_info=\u00a0\u00bb{}\u00a0\u00bb][et_pb_column type=\u00a0\u00bb4_4&Prime; _builder_version=\u00a0\u00bb4.19.4&Prime; _module_preset=\u00a0\u00bbdefault\u00a0\u00bb custom_padding=\u00a0\u00bb20px||||false|false\u00a0\u00bb global_colors_info=\u00a0\u00bb{}\u00a0\u00bb][et_pb_text _builder_version=\u00a0\u00bb4.27.4&Prime; _dynamic_attributes=\u00a0\u00bbcontent\u00a0\u00bb _module_preset=\u00a0\u00bbcbecc5d5-fca6-44e3-b17e-b49aa92c39e0&Prime; text_font=\u00a0\u00bb||||||||\u00a0\u00bb text_font_size=\u00a0\u00bb16px\u00a0\u00bb text_line_height=\u00a0\u00bb1.8em\u00a0\u00bb header_font=\u00a0\u00bb|||on|||||\u00a0\u00bb header_text_align=\u00a0\u00bbcenter\u00a0\u00bb header_text_color=\u00a0\u00bb#FFFFFF\u00a0\u00bb header_font_size=\u00a0\u00bb70px\u00a0\u00bb header_letter_spacing=\u00a0\u00bb1px\u00a0\u00bb header_2_font=\u00a0\u00bb\u2013et_global_heading_font|||on|||||\u00a0\u00bb header_2_text_align=\u00a0\u00bbcenter\u00a0\u00bb header_2_text_color=\u00a0\u00bb#FFFFFF\u00a0\u00bb header_2_font_size=\u00a0\u00bb47px\u00a0\u00bb z_index=\u00a0\u00bb2&Prime; module_alignment=\u00a0\u00bbleft\u00a0\u00bb custom_margin=\u00a0\u00bb0px||0px||false|false\u00a0\u00bb custom_padding=\u00a0\u00bb||0px|||\u00a0\u00bb animation_style=\u00a0\u00bbslide\u00a0\u00bb animation_direction=\u00a0\u00bbbottom\u00a0\u00bb animation_intensity_slide=\u00a0\u00bb4%\u00a0\u00bb header_font_size_tablet=\u00a0\u00bb70px\u00a0\u00bb header_font_size_phone=\u00a0\u00bb50px\u00a0\u00bb header_font_size_last_edited=\u00a0\u00bbon|phone\u00a0\u00bb header_2_font_size_tablet=\u00a0\u00bb50px\u00a0\u00bb header_2_font_size_phone=\u00a0\u00bb36px\u00a0\u00bb header_2_font_size_last_edited=\u00a0\u00bbon|tablet\u00a0\u00bb locked=\u00a0\u00bboff\u00a0\u00bb global_colors_info=\u00a0\u00bb{}\u00a0\u00bb]@ET-DC@eyJkeW5hbWljIjp0cnVlLCJjb250ZW50IjoicG9zdF90aXRsZSIsInNldHRpbmdzIjp7ImJlZm9yZSI6IjxoMT4iLCJhZnRlciI6IjxcL2gxPiJ9fQ==@[\/et_pb_text][\/et_pb_column][\/et_pb_row][\/et_pb_section][et_pb_section fb_built=\u00a0\u00bb1&Prime; custom_padding_last_edited=\u00a0\u00bbon|phone\u00a0\u00bb _builder_version=\u00a0\u00bb4.19.4&Prime; _module_preset=\u00a0\u00bbdefault\u00a0\u00bb background_color=\u00a0\u00bb#f2f2f2&Prime; custom_margin=\u00a0\u00bb||||false|false\u00a0\u00bb custom_padding=\u00a0\u00bb65px||190px||false|false\u00a0\u00bb custom_padding_tablet=\u00a0\u00bb85px||85px||false|false\u00a0\u00bb custom_padding_phone=\u00a0\u00bb50px||85px||false|false\u00a0\u00bb bottom_divider_color=\u00a0\u00bb#3ead61&Prime; locked=\u00a0\u00bboff\u00a0\u00bb global_colors_info=\u00a0\u00bb{}\u00a0\u00bb][et_pb_row _builder_version=\u00a0\u00bb4.18.0&Prime; _module_preset=\u00a0\u00bbdefault\u00a0\u00bb custom_margin=\u00a0\u00bb|auto|79px|auto|false|false\u00a0\u00bb global_colors_info=\u00a0\u00bb{}\u00a0\u00bb][et_pb_column type=\u00a0\u00bb4_4&Prime; _builder_version=\u00a0\u00bb4.18.0&Prime; _module_preset=\u00a0\u00bbdefault\u00a0\u00bb global_colors_info=\u00a0\u00bb{}\u00a0\u00bb][et_pb_text _builder_version=\u00a0\u00bb4.27.4&Prime; _module_preset=\u00a0\u00bb1cc7eb9c-555c-4e9f-a9d7-914392f2ea18&Prime; text_font=\u00a0\u00bb||||||||\u00a0\u00bb text_font_size=\u00a0\u00bb16px\u00a0\u00bb text_line_height=\u00a0\u00bb1.8em\u00a0\u00bb header_2_font=\u00a0\u00bb|||on|||||\u00a0\u00bb header_2_text_align=\u00a0\u00bbcenter\u00a0\u00bb header_2_text_color=\u00a0\u00bb#182B2A\u00a0\u00bb header_2_font_size=\u00a0\u00bb60px\u00a0\u00bb custom_margin=\u00a0\u00bb||0px||false|false\u00a0\u00bb custom_padding=\u00a0\u00bb||0px|||\u00a0\u00bb animation_style=\u00a0\u00bbslide\u00a0\u00bb animation_direction=\u00a0\u00bbbottom\u00a0\u00bb animation_intensity_slide=\u00a0\u00bb4%\u00a0\u00bb header_2_font_size_tablet=\u00a0\u00bb80px\u00a0\u00bb header_2_font_size_phone=\u00a0\u00bb40px\u00a0\u00bb header_2_font_size_last_edited=\u00a0\u00bbon|phone\u00a0\u00bb locked=\u00a0\u00bboff\u00a0\u00bb global_colors_info=\u00a0\u00bb{}\u00a0\u00bb]<\/p>\n<h2>Mulligan Exp\u00e9rience de Golf \u2014 Foire aux questions (FR)<\/h2>\n<p>[\/et_pb_text][\/et_pb_column][\/et_pb_row][et_pb_row _builder_version=\u00a0\u00bb4.27.4&Prime; _module_preset=\u00a0\u00bbdefault\u00a0\u00bb global_colors_info=\u00a0\u00bb{}\u00a0\u00bb][et_pb_column type=\u00a0\u00bb4_4&Prime; _builder_version=\u00a0\u00bb4.27.4&Prime; _module_preset=\u00a0\u00bbdefault\u00a0\u00bb global_colors_info=\u00a0\u00bb{}\u00a0\u00bb][et_pb_accordion open_toggle_text_color=\u00a0\u00bb#1E1D22&Prime; closed_toggle_background_color=\u00a0\u00bb#DBB464&Prime; icon_color=\u00a0\u00bb#182B2A\u00a0\u00bb _builder_version=\u00a0\u00bb4.27.4&Prime; _module_preset=\u00a0\u00bbdefault\u00a0\u00bb toggle_text_color=\u00a0\u00bb#1E1D22&Prime; toggle_font=\u00a0\u00bb|600|||||||\u00a0\u00bb toggle_font_size=\u00a0\u00bb25px\u00a0\u00bb hover_enabled=\u00a0\u00bb0&Prime; global_colors_info=\u00a0\u00bb{}\u00a0\u00bb sticky_enabled=\u00a0\u00bb0&Prime;][et_pb_accordion_item title=\u00a0\u00bb1. R\u00e9servations et tarifs\u00a0\u00bb open=\u00a0\u00bboff\u00a0\u00bb _builder_version=\u00a0\u00bb4.27.4&Prime; _module_preset=\u00a0\u00bbdefault\u00a0\u00bb global_colors_info=\u00a0\u00bb{}\u00a0\u00bb]<\/p>\n<p class=\"p3\"><b>Comment puis-je r\u00e9server une plage horaire ?<\/b><\/p>\n<p class=\"p4\">Vous pouvez r\u00e9server en ligne sur notre site web, par t\u00e9l\u00e9phone ou en personne. Les r\u00e9servations sans rendez-vous sont accept\u00e9es en fonction des disponibilit\u00e9s, mais nous vous recommandons de r\u00e9server \u00e0 l&rsquo;avance afin de garantir l&rsquo;horaire qui vous convient. <\/p>\n<p class=\"p3\"><b>Combien de temps devrais-je r\u00e9server ?<\/b><\/p>\n<p class=\"p4\">Pour un golfeur d\u00e9butant, il faut compter au moins 1h30 pour jouer 18 trous. Deux joueurs prennent g\u00e9n\u00e9ralement environ 3 heures, et ainsi de suite. La dur\u00e9e peut varier en fonction de l&rsquo;exp\u00e9rience et du rythme de jeu.  <\/p>\n<p class=\"p3\"><b>Comment fonctionnent vos tarifs ?<\/b><\/p>\n<p class=\"p4\">Nos tarifs s&rsquo;entendent par baie de simulateur, par heure, et non par personne. Chaque baie peut accueillir plusieurs joueurs, vous pouvez donc partager le co\u00fbt avec des amis. <\/p>\n<p class=\"p10\"><b><\/b><\/p>\n<p class=\"p3\"><b>Quelle est votre politique d\u2019annulation ?<\/b><\/p>\n<p class=\"p4\">Les annulations ou modifications peuvent \u00eatre effectu\u00e9es en ligne 24 heures avant l&rsquo;heure de la r\u00e9servation pr\u00e9vue (les d\u00e9tails sont indiqu\u00e9s dans votre confirmation de r\u00e9servation). Les annulations tardives ou les absences peuvent faire l&rsquo;objet de frais. <\/p>\n<p class=\"p3\"><b>Que se passe-t-il si j\u2019arrive en retard ?<\/b><\/p>\n<p class=\"p5\">Votre r\u00e9servation commence \u00e0 l&rsquo;heure pr\u00e9vue. Si vous arrivez en retard, nous ferons de notre mieux pour vous accueillir, mais votre session pourra tout de m\u00eame se terminer \u00e0 l&rsquo;heure pr\u00e9vue si le cr\u00e9neau suivant est r\u00e9serv\u00e9. <\/p>\n<p>[\/et_pb_accordion_item][et_pb_accordion_item title=\u00a0\u00bb2. Putt RoyaleTM\u00a0\u00bb _builder_version=\u00a0\u00bb4.27.4&Prime; _module_preset=\u00a0\u00bbdefault\u00a0\u00bb global_colors_info=\u00a0\u00bb{}\u00a0\u00bb open=\u00a0\u00bbon\u00a0\u00bb]<\/p>\n<p class=\"p3\"><b>Qu\u2019est-ce que le Putt Royale<\/b><span class=\"s2\"><b><sup>TM<\/sup><\/b><\/span><b>?<\/b><\/p>\n<p class=\"p4\">Putt Royale<span class=\"s3\"><sup>TM<\/sup><\/span> est le premier du genre \u00e0 Montr\u00e9al ! Notre d\u00e9fi de putting interactif en salle, con\u00e7u sur mesure, combine le golf 18 trous avec une exp\u00e9rience ludique et comp\u00e9titive de jeu court sur notre surface de putting haute gamme. Sur plus de 1 000 pieds carr\u00e9s, vous pouvez r\u00e9aliser des putts jusqu&rsquo;\u00e0 30 pieds qui imitent le roulement de la balle et la sensation r\u00e9elle des greens en plein air. Notre indice Stimp est compris entre 8 et 10, et c&rsquo;est un jeu pour tous les niveaux.   <\/p>\n<p class=\"p11\"><b>Quelle est la dur\u00e9e d&rsquo;une r\u00e9servation Putt Royale<\/b><span class=\"s2\"><b><sup>TM<\/sup><\/b><\/span><b> ?<\/b><\/p>\n<p class=\"p4\">La dur\u00e9e estim\u00e9e du jeu par joueur est de 30 minutes, chaque r\u00e9servation est donc fix\u00e9e \u00e0 30 minutes par personne.<\/p>\n<p class=\"p3\"><b>Comment r\u00e9server le Putt Royale<\/b><span class=\"s2\"><b><sup>TM<\/sup><\/b><\/span><b>?<\/b><\/p>\n<p class=\"p5\">De la m\u00eame fa\u00e7on qu\u2019un simulateur : en ligne, par t\u00e9l\u00e9phone ou sur place. S\u00e9lectionnez simplement \u00ab Putt Royale \u00bb lors de la r\u00e9servation. <\/p>\n<p>[\/et_pb_accordion_item][et_pb_accordion_item title=\u00a0\u00bb3. Jouer chez Mulligan\u2019s\u00a0\u00bb _builder_version=\u00a0\u00bb4.27.4&Prime; _module_preset=\u00a0\u00bbdefault\u00a0\u00bb global_colors_info=\u00a0\u00bb{}\u00a0\u00bb open=\u00a0\u00bboff\u00a0\u00bb]<\/p>\n<p class=\"p3\"><b>Combien de personnes peuvent jouer avec un simulateur ?<\/b><\/p>\n<ul class=\"ul1\">\n<li class=\"li8\">Simulateurs r\u00e9guliers : <b>jusqu\u2019\u00e0 4 joueurs<\/b><b><\/b><\/li>\n<li class=\"li4\">Salles VIP : <b>jusqu\u2019\u00e0 6 joueurs<\/b><b><\/b><\/li>\n<\/ul>\n<p class=\"p3\"><b>Les enfants ou adolescents peuvent-ils jouer ?<\/b><\/p>\n<p class=\"p4\">Chez Mulligan, l\u2019ambiance est plut\u00f4t destin\u00e9e aux adultes donc les clients \u00e2g\u00e9s de 16 ans et plus sont les bienvenus. Les mineurs doivent \u00eatre accompagn\u00e9s d&rsquo;un parent ou d&rsquo;un tuteur. Nous demandons simplement \u00e0 chacun de respecter notre code de conduite afin que tous les clients puissent profiter pleinement de leur exp\u00e9rience chez nous.  <\/p>\n<p class=\"p3\"><b>Dois-je apporter mes propres b\u00e2tons et balles de golf ?<\/b><\/p>\n<p class=\"p4\">Vous pouvez apporter les v\u00f4tres et les balles de golf doivent \u00eatre propres et sans marques. Nous vendons aussi des balles neuf sur place. <\/p>\n<p class=\"p3\"><b>Louez-vous des b\u00e2tons de golf ?<\/b><\/p>\n<p class=\"p4\">Oui, nous offrons des b\u00e2tons \u00e0 la location. Veuillez nous pr\u00e9venir \u00e0 l&rsquo;avance si possible afin que nous puissions les pr\u00e9parer. <\/p>\n<p class=\"p3\"><b>Dois-je porter des souliers de golf ?<\/b><\/p>\n<p class=\"p9\"><span class=\"s5\">Non. Des chaussures propres \u00e0 semelles plates so<\/span>nt requises.<br \/>Veuillez \u00e9viter :<br \/>\u2718 crampons m\u00e9talliques<br \/>\u2718 chaussures sales<br \/>\u2718 talons hauts<\/p>\n<p class=\"p4\">Des chaussures d&rsquo;int\u00e9rieur plats et confortables sont parfaites.<\/p>\n<p class=\"p3\"><b>Quels tees utilisez-vous ?<\/b><\/p>\n<p class=\"p4\">Vous pouvez utiliser de vrais tees sur nos tapis de frappe ou des c\u00f4nes de simulateur, \u00e0 votre choix.<\/p>\n<p class=\"p3\"><b>Quelle technologie de simulateur utilisez-vous ?<\/b><\/p>\n<p class=\"p4\">Nous utilisons la technologie<b> IDRA II de GolfIn avec un logiciel de GSPro<\/b>, reconnue pour son r\u00e9alisme et la pr\u00e9cision de ses donn\u00e9es.<\/p>\n<p class=\"p3\"><b>Quelles sont vos r\u00e8gles de courtoisie ?<\/b><\/p>\n<p class=\"p5\">Pour la s\u00e9curit\u00e9 et le plaisir de tous :<\/p>\n<ul class=\"ul1\">\n<li class=\"li8\">Les swings complets sont autoris\u00e9s uniquement dans les baies de golf, dans la zone de frappe d\u00e9sign\u00e9e.<\/li>\n<li class=\"li8\">Soyez attentif aux autres personnes autour de vous.<\/li>\n<li class=\"li8\">L&rsquo;alcool provenant de l&rsquo;ext\u00e9rieur n&rsquo;est pas autoris\u00e9.<\/li>\n<li class=\"li8\">La nourriture et les boissons sont interdites sur tous les greens (simulateurs de golf ou Putt Royale<span class=\"s3\"><sup>TM<\/sup><\/span>).<\/li>\n<li class=\"li8\">Traitez le mat\u00e9riel et les \u00e9quipements avec soin.<\/li>\n<li class=\"li8\">Respectez votre heure de r\u00e9servation.<\/li>\n<li class=\"li5\">Et surtout, amusez-vous bien ! <span class=\"s4\">\ud83d\ude04<\/span><\/li>\n<\/ul>\n<p class=\"p5\">[\/et_pb_accordion_item][et_pb_accordion_item title=\u00a0\u00bb4. Nourriture, boissons et services\u00a0\u00bb _builder_version=\u00a0\u00bb4.27.4&Prime; _module_preset=\u00a0\u00bbdefault\u00a0\u00bb global_colors_info=\u00a0\u00bb{}\u00a0\u00bb open=\u00a0\u00bboff\u00a0\u00bb]<\/p>\n<p class=\"p3\"><b>Puis-je commander de la nourriture et des boissons directement de mon baie de golf pendant que je joue ?<\/b><\/p>\n<p class=\"p4\">Bien s\u00fbr ! Nous avons install\u00e9 des \u00e9crans tactiles dans chacune de nos baies de golf pour vous permettre de commander la nourriture et des boissons rapidement et facilement. Notre personnel accueillant est \u00e9galement \u00e0 votre disposition pour vous servir. Notre cuisine interne sert des sandwichs, des collations et des boissons, y compris des bi\u00e8res haut de gamme, des spiritueux et des boissons non alcoolis\u00e9es, qui vous sont livr\u00e9s directement dans votre baie.   <\/p>\n<p class=\"p3\"><b>Mulligan\u2019s est-il accessible \u00e0 tous ?<\/b><\/p>\n<p class=\"p4\">Oui, notre \u00e9tablissement est con\u00e7u pour \u00eatre accessible \u00e0 tous. Nous accueillons des clients de tous niveaux et de toutes capacit\u00e9s. Si vous avez des besoins particuliers, n&rsquo;h\u00e9sitez pas \u00e0 nous en faire part et nous serons ravis de vous aider.  <\/p>\n<p class=\"p3\"><b>Y a-t-il du stationnement sur place ?<\/b><\/p>\n<p class=\"p5\">Oui, un stationnement gratuit est disponible.<\/p>\n<p class=\"p5\">[\/et_pb_accordion_item][et_pb_accordion_item title=\u00a0\u00bb5. \u00c9v\u00e9nements, abonnements et programmes\u00a0\u00bb _builder_version=\u00a0\u00bb4.27.4&Prime; _module_preset=\u00a0\u00bbdefault\u00a0\u00bb global_colors_info=\u00a0\u00bb{}\u00a0\u00bb open=\u00a0\u00bboff\u00a0\u00bb]<\/p>\n<p class=\"p3\"><b>Offrez-vous des \u00e9v\u00e9nements de groupe ou corporatifs ?<\/b><\/p>\n<p class=\"p4\">Oui, nous offrons des forfaits personnalis\u00e9s pour les sorties de groupe, les f\u00eates et les \u00e9v\u00e9nements corporatifs. Remplissez le formulaire sur notre site web et nous vous enverrons une offre sur mesure adapt\u00e9e \u00e0 vos besoins. <\/p>\n<p class=\"p3\"><b>Comment puis-je devenir membre ?<\/b><\/p>\n<p class=\"p5\">Remplissez le formulaire d\u2019abonnement en ligne. Notre \u00e9quipe vous contactera pour vous pr\u00e9senter les options disponibles et selon les disponibilit\u00e9s. Mais d\u00e9p\u00eachez-vous, les places sont limit\u00e9es.  <\/p>\n<p>[\/et_pb_accordion_item][\/et_pb_accordion][\/et_pb_column][\/et_pb_row][\/et_pb_section]<\/p>\n","protected":false},"excerpt":{"rendered":"<p>Mulligan Exp\u00e9rience de Golf \u2014 Foire aux questions (FR)Comment puis-je r\u00e9server une plage horaire ? Vous pouvez r\u00e9server en ligne sur notre site web, par t\u00e9l\u00e9phone ou en personne. Les [&hellip;]<\/p>\n","protected":false},"author":13,"featured_media":0,"parent":0,"menu_order":0,"comment_status":"closed","ping_status":"closed","template":"","meta":{"_et_pb_use_builder":"on","_et_pb_old_content":"","_et_gb_content_width":"","footnotes":""},"class_list":["post-651","page","type-page","status-publish","hentry"],"yoast_head":"<!-- This site is optimized with the Yoast SEO plugin v27.0 - https:\/\/yoast.com\/product\/yoast-seo-wordpress\/ -->\n<title>FAQ - Mulligan Experience de Golf<\/title>\n<meta name=\"robots\" content=\"index, follow, max-snippet:-1, max-image-preview:large, max-video-preview:-1\" \/>\n<link rel=\"canonical\" href=\"https:\/\/mulligansgolfexperience.ca\/fr\/contactez-nous-2\/\" \/>\n<meta property=\"og:locale\" content=\"fr_FR\" \/>\n<meta property=\"og:type\" content=\"article\" \/>\n<meta property=\"og:title\" content=\"FAQ - Mulligan Experience de Golf\" \/>\n<meta property=\"og:description\" content=\"Mulligan Exp\u00e9rience de Golf \u2014 Foire aux questions (FR)Comment puis-je r\u00e9server une plage horaire ? Vous pouvez r\u00e9server en ligne sur notre site web, par t\u00e9l\u00e9phone ou en personne. Les [&hellip;]\" \/>\n<meta property=\"og:url\" content=\"https:\/\/mulligansgolfexperience.ca\/fr\/contactez-nous-2\/\" \/>\n<meta property=\"og:site_name\" content=\"Mulligan Experience de Golf\" \/>\n<meta property=\"article:modified_time\" content=\"2026-01-19T19:52:25+00:00\" \/>\n<meta name=\"twitter:card\" content=\"summary_large_image\" \/>\n<meta name=\"twitter:label1\" content=\"Dur\u00e9e de lecture estim\u00e9e\" \/>\n\t<meta name=\"twitter:data1\" content=\"8 minutes\" \/>\n<script type=\"application\/ld+json\" class=\"yoast-schema-graph\">{\"@context\":\"https:\/\/schema.org\",\"@graph\":[{\"@type\":\"WebPage\",\"@id\":\"https:\/\/mulligansgolfexperience.ca\/fr\/contactez-nous-2\/\",\"url\":\"https:\/\/mulligansgolfexperience.ca\/fr\/contactez-nous-2\/\",\"name\":\"FAQ - Mulligan Experience de Golf\",\"isPartOf\":{\"@id\":\"https:\/\/mulligansgolfexperience.ca\/fr\/#website\"},\"datePublished\":\"2026-01-12T22:08:03+00:00\",\"dateModified\":\"2026-01-19T19:52:25+00:00\",\"breadcrumb\":{\"@id\":\"https:\/\/mulligansgolfexperience.ca\/fr\/contactez-nous-2\/#breadcrumb\"},\"inLanguage\":\"fr-FR\",\"potentialAction\":[{\"@type\":\"ReadAction\",\"target\":[\"https:\/\/mulligansgolfexperience.ca\/fr\/contactez-nous-2\/\"]}]},{\"@type\":\"BreadcrumbList\",\"@id\":\"https:\/\/mulligansgolfexperience.ca\/fr\/contactez-nous-2\/#breadcrumb\",\"itemListElement\":[{\"@type\":\"ListItem\",\"position\":1,\"name\":\"Accueil\",\"item\":\"https:\/\/mulligansgolfexperience.ca\/fr\/accueil\/\"},{\"@type\":\"ListItem\",\"position\":2,\"name\":\"FAQ\"}]},{\"@type\":\"WebSite\",\"@id\":\"https:\/\/mulligansgolfexperience.ca\/fr\/#website\",\"url\":\"https:\/\/mulligansgolfexperience.ca\/fr\/\",\"name\":\"Mulligan Experience de Golf\",\"description\":\"Centre de golf int\u00e9rieur situ\u00e9 \u00e0 Dollard-des-Ormeaux, QC\",\"potentialAction\":[{\"@type\":\"SearchAction\",\"target\":{\"@type\":\"EntryPoint\",\"urlTemplate\":\"https:\/\/mulligansgolfexperience.ca\/fr\/?s={search_term_string}\"},\"query-input\":{\"@type\":\"PropertyValueSpecification\",\"valueRequired\":true,\"valueName\":\"search_term_string\"}}],\"inLanguage\":\"fr-FR\"}]}<\/script>\n<!-- \/ Yoast SEO plugin. -->","yoast_head_json":{"title":"FAQ - Mulligan Experience de Golf","robots":{"index":"index","follow":"follow","max-snippet":"max-snippet:-1","max-image-preview":"max-image-preview:large","max-video-preview":"max-video-preview:-1"},"canonical":"https:\/\/mulligansgolfexperience.ca\/fr\/contactez-nous-2\/","og_locale":"fr_FR","og_type":"article","og_title":"FAQ - Mulligan Experience de Golf","og_description":"Mulligan Exp\u00e9rience de Golf \u2014 Foire aux questions (FR)Comment puis-je r\u00e9server une plage horaire ? Vous pouvez r\u00e9server en ligne sur notre site web, par t\u00e9l\u00e9phone ou en personne. Les [&hellip;]","og_url":"https:\/\/mulligansgolfexperience.ca\/fr\/contactez-nous-2\/","og_site_name":"Mulligan Experience de Golf","article_modified_time":"2026-01-19T19:52:25+00:00","twitter_card":"summary_large_image","twitter_misc":{"Dur\u00e9e de lecture estim\u00e9e":"8 minutes"},"schema":{"@context":"https:\/\/schema.org","@graph":[{"@type":"WebPage","@id":"https:\/\/mulligansgolfexperience.ca\/fr\/contactez-nous-2\/","url":"https:\/\/mulligansgolfexperience.ca\/fr\/contactez-nous-2\/","name":"FAQ - Mulligan Experience de Golf","isPartOf":{"@id":"https:\/\/mulligansgolfexperience.ca\/fr\/#website"},"datePublished":"2026-01-12T22:08:03+00:00","dateModified":"2026-01-19T19:52:25+00:00","breadcrumb":{"@id":"https:\/\/mulligansgolfexperience.ca\/fr\/contactez-nous-2\/#breadcrumb"},"inLanguage":"fr-FR","potentialAction":[{"@type":"ReadAction","target":["https:\/\/mulligansgolfexperience.ca\/fr\/contactez-nous-2\/"]}]},{"@type":"BreadcrumbList","@id":"https:\/\/mulligansgolfexperience.ca\/fr\/contactez-nous-2\/#breadcrumb","itemListElement":[{"@type":"ListItem","position":1,"name":"Accueil","item":"https:\/\/mulligansgolfexperience.ca\/fr\/accueil\/"},{"@type":"ListItem","position":2,"name":"FAQ"}]},{"@type":"WebSite","@id":"https:\/\/mulligansgolfexperience.ca\/fr\/#website","url":"https:\/\/mulligansgolfexperience.ca\/fr\/","name":"Mulligan Experience de Golf","description":"Centre de golf int\u00e9rieur situ\u00e9 \u00e0 Dollard-des-Ormeaux, QC","potentialAction":[{"@type":"SearchAction","target":{"@type":"EntryPoint","urlTemplate":"https:\/\/mulligansgolfexperience.ca\/fr\/?s={search_term_string}"},"query-input":{"@type":"PropertyValueSpecification","valueRequired":true,"valueName":"search_term_string"}}],"inLanguage":"fr-FR"}]}},"_links":{"self":[{"href":"https:\/\/mulligansgolfexperience.ca\/fr\/wp-json\/wp\/v2\/pages\/651","targetHints":{"allow":["GET"]}}],"collection":[{"href":"https:\/\/mulligansgolfexperience.ca\/fr\/wp-json\/wp\/v2\/pages"}],"about":[{"href":"https:\/\/mulligansgolfexperience.ca\/fr\/wp-json\/wp\/v2\/types\/page"}],"author":[{"embeddable":true,"href":"https:\/\/mulligansgolfexperience.ca\/fr\/wp-json\/wp\/v2\/users\/13"}],"replies":[{"embeddable":true,"href":"https:\/\/mulligansgolfexperience.ca\/fr\/wp-json\/wp\/v2\/comments?post=651"}],"version-history":[{"count":0,"href":"https:\/\/mulligansgolfexperience.ca\/fr\/wp-json\/wp\/v2\/pages\/651\/revisions"}],"wp:attachment":[{"href":"https:\/\/mulligansgolfexperience.ca\/fr\/wp-json\/wp\/v2\/media?parent=651"}],"curies":[{"name":"wp","href":"https:\/\/api.w.org\/{rel}","templated":true}]}}